{"id":2030,"date":"2021-12-29T15:42:35","date_gmt":"2021-12-29T15:42:35","guid":{"rendered":"http:\/\/martina-eberl-coaching.com\/?page_id=2030"},"modified":"2022-03-05T18:24:57","modified_gmt":"2022-03-05T18:24:57","slug":"youtube","status":"publish","type":"page","link":"http:\/\/martina-eberl-coaching.com\/?page_id=2030","title":{"rendered":"Youtube"},"content":{"rendered":"<div id='fullscreen_slider_1' class='avia-fullscreen-slider main_color   avia-builder-el-0  el_before_av_section  avia-builder-el-first   container_wrap fullsize' style=' '  ><a href='#next-section' title='' class='scroll-down-link av-control-default' aria-hidden='true' data-av_icon='\ue877' data-av_iconfont='entypo-fontello'><\/a><div  data-size='extra_large'  data-lightbox_size='large'  data-animation='slide'  data-conditional_play=''  data-ids='2138'  data-video_counter='0'  data-autoplay='false'  data-bg_slider='true'  data-slide_height='100'  data-handle='av_fullscreen'  data-interval='5'  data-class=' '  data-css_id='fullscreen_slider_1'  data-scroll_down='aviaTBscroll_down'  data-control_layout='av-control-default'  data-custom_markup=''  data-perma_caption=''  data-autoplay_stopper=''  data-image_attachment=''  data-min_height='0px'  data-stretch=''  data-default-height='100'  class='avia-slideshow avia-slideshow-1 av-slider-scroll-down-active av-control-default av-default-height-applied avia-slideshow-extra_large av_fullscreen   avia-slide-slider '  itemprop=\"image\" itemscope=\"itemscope\" itemtype=\"https:\/\/schema.org\/ImageObject\" ><ul class='avia-slideshow-inner ' style='padding-bottom: 66.666666666667%;' ><li style='background-position:center center;' data-img-url='http:\/\/martina-eberl-coaching.com\/wp-content\/uploads\/2022\/02\/MARTINA-EBERL-PR-IMAGES-828A0722-1500x1000.jpg' class=' av-single-slide slide-1 ' ><div data-rel='slideshow-1' class='avia-slide-wrap '   ><div class = \"caption_fullwidth av-slideshow-caption caption_center\"><div class = \"container caption_container\"><div class = \"slideshow_caption\"><div class = \"slideshow_inner_caption\"><div class = \"slideshow_align_caption\"><div class='avia-caption-content  av_inherit_color'  itemprop=\"description\"   style='font-size:60px; '><p>Meine YouTube Liebe<\/p>\n<\/div><\/div><\/div><\/div><\/div><\/div><\/div><\/li><\/ul><\/div><\/div>\n<div id='av_section_1' class='avia-section main_color avia-section-no-padding avia-no-border-styling avia-bg-style-scroll  avia-builder-el-1  el_after_av_fullscreen  avia-builder-el-last    container_wrap fullsize' style='background-color: #808189;  '  ><div class='container' ><div class='template-page content  av-content-full alpha units'><div class='post-entry post-entry-type-page post-entry-2030'><div class='entry-content-wrapper clearfix'>\n<div  class='hr hr-default   avia-builder-el-2  el_before_av_one_full  avia-builder-el-first '><span class='hr-inner ' ><span class='hr-inner-style'><\/span><\/span><\/div>\n<div class=\"flex_column av_one_full  flex_column_div av-zero-column-padding first  avia-builder-el-3  el_after_av_hr  el_before_av_hr   \" style='border-radius:0px; '><section class=\"av_textblock_section \"  itemscope=\"itemscope\" itemtype=\"https:\/\/schema.org\/CreativeWork\" ><div class='avia_textblock  av_inherit_color '  style='font-size:18px; color:#ffffff; '  itemprop=\"text\" ><p>Wie die Anzahl meiner Videos schon zeigt, gibt es meinen YouTube Kanal schon ein bisschen l\u00e4nger. Jedoch erst seit 2021 haben wir die Segel des Kanals erst so richtig gehisst und lassen uns mit dem gro\u00dfen Interesse der Abonnenten und auch Anfragen zu Themen auf diesem Kanal mit gro\u00dfem Erfolg treiben.<\/p>\n<p>Mir pers\u00f6nlich macht es wahnsinnig viel Spa\u00df mein Wissen in einer anschaulicheren Art weiterzugeben, als wie es sonst Viele als sehr kompliziert im Golfunterricht empfinden!<\/p>\n<p>\u00dcberzeuge Dich selbst und schau rein:<\/p>\n<p><a href=\"https:\/\/www.youtube.com\/c\/MartinaEberlCoaching\/videos\">https:\/\/www.youtube.com\/c\/MartinaEberlCoaching\/videos<\/a><\/p>\n<\/div><\/section><\/div><div  class='hr hr-default   avia-builder-el-5  el_after_av_one_full  avia-builder-el-last '><span class='hr-inner ' ><span class='hr-inner-style'><\/span><\/span><\/div>\n\n","protected":false},"excerpt":{"rendered":"","protected":false},"author":1,"featured_media":0,"parent":0,"menu_order":0,"comment_status":"closed","ping_status":"closed","template":"","meta":[],"_links":{"self":[{"href":"http:\/\/martina-eberl-coaching.com\/index.php?rest_route=\/wp\/v2\/pages\/2030"}],"collection":[{"href":"http:\/\/martina-eberl-coaching.com\/index.php?rest_route=\/wp\/v2\/pages"}],"about":[{"href":"http:\/\/martina-eberl-coaching.com\/index.php?rest_route=\/wp\/v2\/types\/page"}],"author":[{"embeddable":true,"href":"http:\/\/martina-eberl-coaching.com\/index.php?rest_route=\/wp\/v2\/users\/1"}],"replies":[{"embeddable":true,"href":"http:\/\/martina-eberl-coaching.com\/index.php?rest_route=%2Fwp%2Fv2%2Fcomments&post=2030"}],"version-history":[{"count":8,"href":"http:\/\/martina-eberl-coaching.com\/index.php?rest_route=\/wp\/v2\/pages\/2030\/revisions"}],"predecessor-version":[{"id":2261,"href":"http:\/\/martina-eberl-coaching.com\/index.php?rest_route=\/wp\/v2\/pages\/2030\/revisions\/2261"}],"wp:attachment":[{"href":"http:\/\/martina-eberl-coaching.com\/index.php?rest_route=%2Fwp%2Fv2%2Fmedia&parent=2030"}],"curies":[{"name":"wp","href":"https:\/\/api.w.org\/{rel}","templated":true}]}}