{"id":2072,"date":"2022-01-04T16:22:40","date_gmt":"2022-01-04T16:22:40","guid":{"rendered":"http:\/\/martina-eberl-coaching.com\/?page_id=2072"},"modified":"2022-03-05T21:23:58","modified_gmt":"2022-03-05T21:23:58","slug":"meine-berufung","status":"publish","type":"page","link":"http:\/\/martina-eberl-coaching.com\/?page_id=2072","title":{"rendered":"Mein Coaching"},"content":{"rendered":"<div id='fullscreen_slider_1' class='avia-fullscreen-slider main_color   avia-builder-el-0  el_before_av_section  avia-builder-el-first   container_wrap fullsize' style=' '  ><a href='#next-section' title='' class='scroll-down-link av-control-default' aria-hidden='true' data-av_icon='\ue877' data-av_iconfont='entypo-fontello'><\/a><div  data-size='extra_large'  data-lightbox_size='large'  data-animation='slide'  data-conditional_play=''  data-ids='1944'  data-video_counter='0'  data-autoplay='false'  data-bg_slider='true'  data-slide_height='100'  data-handle='av_fullscreen'  data-interval='5'  data-class=' '  data-css_id='fullscreen_slider_1'  data-scroll_down='aviaTBscroll_down'  data-control_layout='av-control-default'  data-custom_markup=''  data-perma_caption=''  data-autoplay_stopper=''  data-image_attachment=''  data-min_height='0px'  data-stretch=''  data-default-height='100'  class='avia-slideshow avia-slideshow-1 av-slider-scroll-down-active av-control-default av-default-height-applied avia-slideshow-extra_large av_fullscreen   avia-slide-slider '  itemprop=\"image\" itemscope=\"itemscope\" itemtype=\"https:\/\/schema.org\/ImageObject\" ><ul class='avia-slideshow-inner ' style='padding-bottom: 66.666666666667%;' ><li style='background-position:center center;' data-img-url='http:\/\/martina-eberl-coaching.com\/wp-content\/uploads\/2021\/11\/MARTINA-EBERL-PR-IMAGES-828A9966-1500x1000.jpg' class=' av-single-slide slide-1 ' ><div data-rel='slideshow-1' class='avia-slide-wrap '   ><div class = \"caption_fullwidth av-slideshow-caption caption_center\"><div class = \"container caption_container\"><div class = \"slideshow_caption\"><div class = \"slideshow_inner_caption\"><div class = \"slideshow_align_caption\"><div class='avia-caption-content  av-medium-font-size-overwrite av-medium-font-size-40 av-small-font-size-overwrite av-small-font-size-40 av-mini-font-size-overwrite av-mini-font-size-40 av_inherit_color'  itemprop=\"description\"   style='font-size:60px; '><p>Coaching &#8211; meine Berufung<\/p>\n<\/div><\/div><\/div><\/div><\/div><\/div><\/div><\/li><\/ul><\/div><\/div>\n<div id='av_section_1' class='avia-section main_color avia-section-no-padding avia-no-border-styling avia-bg-style-scroll  avia-builder-el-1  el_after_av_fullscreen  avia-builder-el-last    container_wrap fullsize' style='background-color: #808189;  '  ><div class='container' ><div class='template-page content  av-content-full alpha units'><div class='post-entry post-entry-type-page post-entry-2072'><div class='entry-content-wrapper clearfix'>\n<div  class='hr hr-default   avia-builder-el-2  el_before_av_textblock  avia-builder-el-first  '><span class='hr-inner ' ><span class='hr-inner-style'><\/span><\/span><\/div>\n<section class=\"av_textblock_section \"  itemscope=\"itemscope\" itemtype=\"https:\/\/schema.org\/CreativeWork\" ><div class='avia_textblock  av_inherit_color '  style='font-size:18px; color:#ffffff; '  itemprop=\"text\" ><p>Meine Karriere als Tourspielerin ging 2012 zu Ende wegen der besten Gr\u00fcnde, die ich nur irgendwie finden konnte: meine zwei T\u00f6chter.<\/p>\n<p>2014 fing ich aus Neugierde mit dem Coaching an, nie mit der Absicht, ernsthaft f\u00fcr l\u00e4ngere Zeit als Golftrainerin zu arbeiten. Ich wollte sehen, ob ich das kann und ob ich ein Auge daf\u00fcr h\u00e4tte. Der Rest ist Geschichte&#8230;. Seit jeher finde ich Tag f\u00fcr Tag, Woche f\u00fcr Woche, Monat f\u00fcr Monat immer mehr meine Berufung im Coaching. Das Golfcoaching, was in meinen Augen viel mehr ist, als nur eine Bewegung jemanden zu vermitteln. Golf ist immens &#8211; es ist ein Spiel, was so unglaublich facettenreich, mental und technisch h\u00f6chstanspruchsvoll und auch menschlich dem\u00fctigend sein kann. Manchmal himmelhoch jauchzend und manchmal zerm\u00fcrbend. Jede Einzelheit dieser Verfassungen musste und durfte ich zig-mal als Profispielerin durchlaufen und wei\u00df nur zu gut, wie es ist Golf erfolgreich oder auch eben nicht erfolgreich zu spielen.<\/p>\n<p>Diese Erfahrungen geh\u00f6ren zu meinen St\u00e4rken: ich kenne diesen Sport in- und auswendig. F\u00fcr das Coaching wurde mir \u00a0noch ein sehr gutes Auge und logisches Denken f\u00fcr die Technik mitgegeben, was die ganze Sache erleichtert und mir zu Gute kommt. Ich lerne jedoch t\u00e4glich dazu und bin immer wieder begeistert, wie individuell die Bewegung f\u00fcr jeden\/jede sein kann und darf, und man nicht dogmatisch an die Sache herangehen mu\u00df.<\/p>\n<p>Ich liebe meine Berufung und sch\u00e4tze immer das Vertrauen meiner Sch\u00fcler, das mir entgegengebracht wird, ihr Spiel voran zu treiben und ihnen behilflich sein zu k\u00f6nnen, ihr Hobby noch sch\u00f6ner und erfolgreicher zu machen!<\/p>\n<\/div><\/section>\n<div  class='hr hr-default   avia-builder-el-4  el_after_av_textblock  avia-builder-el-last  '><span class='hr-inner ' ><span class='hr-inner-style'><\/span><\/span><\/div>\n\n","protected":false},"excerpt":{"rendered":"","protected":false},"author":1,"featured_media":0,"parent":0,"menu_order":0,"comment_status":"closed","ping_status":"closed","template":"","meta":[],"_links":{"self":[{"href":"http:\/\/martina-eberl-coaching.com\/index.php?rest_route=\/wp\/v2\/pages\/2072"}],"collection":[{"href":"http:\/\/martina-eberl-coaching.com\/index.php?rest_route=\/wp\/v2\/pages"}],"about":[{"href":"http:\/\/martina-eberl-coaching.com\/index.php?rest_route=\/wp\/v2\/types\/page"}],"author":[{"embeddable":true,"href":"http:\/\/martina-eberl-coaching.com\/index.php?rest_route=\/wp\/v2\/users\/1"}],"replies":[{"embeddable":true,"href":"http:\/\/martina-eberl-coaching.com\/index.php?rest_route=%2Fwp%2Fv2%2Fcomments&post=2072"}],"version-history":[{"count":16,"href":"http:\/\/martina-eberl-coaching.com\/index.php?rest_route=\/wp\/v2\/pages\/2072\/revisions"}],"predecessor-version":[{"id":2341,"href":"http:\/\/martina-eberl-coaching.com\/index.php?rest_route=\/wp\/v2\/pages\/2072\/revisions\/2341"}],"wp:attachment":[{"href":"http:\/\/martina-eberl-coaching.com\/index.php?rest_route=%2Fwp%2Fv2%2Fmedia&parent=2072"}],"curies":[{"name":"wp","href":"https:\/\/api.w.org\/{rel}","templated":true}]}}