{"id":2068,"date":"2022-01-04T16:20:54","date_gmt":"2022-01-04T16:20:54","guid":{"rendered":"http:\/\/martina-eberl-coaching.com\/?page_id=2068"},"modified":"2022-01-04T16:30:07","modified_gmt":"2022-01-04T16:30:07","slug":"about-me","status":"publish","type":"page","link":"https:\/\/martina-eberl-coaching.com\/?page_id=2068&lang=en","title":{"rendered":"About me &#8211; Eng"},"content":{"rendered":"<div id='ubermich' class='avia-section main_color avia-section-large avia-no-border-styling avia-bg-style-scroll  avia-builder-el-0  el_before_av_section  avia-builder-el-first   container_wrap fullsize' style=' '  ><div class='container' ><main  role=\"main\" itemprop=\"mainContentOfPage\"  class='template-page content  av-content-full alpha units'><div class='post-entry post-entry-type-page post-entry-2068'><div class='entry-content-wrapper clearfix'>\n<div style='padding-bottom:30px; font-size:70px;' class='av-special-heading av-special-heading-h1  blockquote modern-quote  avia-builder-el-1  el_before_av_one_third  avia-builder-el-first   av-inherit-size '><h1 class='av-special-heading-tag '  itemprop=\"headline\"  >About me<\/h1><div class='special-heading-border'><div class='special-heading-inner-border' ><\/div><\/div><\/div>\n<div class=\"flex_column av_one_third  flex_column_div av-zero-column-padding first  avia-builder-el-2  el_after_av_heading  el_before_av_one_third  \" style='border-radius:0px; '><\/div><div class=\"flex_column av_one_third  flex_column_div av-zero-column-padding   avia-builder-el-3  el_after_av_one_third  el_before_av_one_third  \" style='border-radius:0px; '><section class='avia-team-member   avia-builder-el-4  avia-builder-el-no-sibling '  itemscope=\"itemscope\" itemtype=\"https:\/\/schema.org\/Person\" ><div class='team-img-container'><img class='avia_image avia_image_team' src='http:\/\/martina-eberl-coaching.com\/wp-content\/uploads\/2018\/10\/FF1_4668-Kopie-225x300.jpg' alt='Martina Eberl'  itemprop=\"image\"  \/><div class='team-social'><div class='team-social-inner'><span class='hidden av_member_url_markup '  itemprop=\"email\" >mailto:info@martina-eberl-coaching.com<\/span><a rel='v:url' data-avia-tooltip=\"Mail me\" target='_blank' class=' avia-team-icon ' href='mailto:info@martina-eberl-coaching.com' aria-hidden='true' data-av_icon='\ue805' data-av_iconfont='entypo-fontello'><\/a><span class='hidden av_member_url_markup '  itemprop=\"url\" ><\/span><a rel='v:url' data-avia-tooltip=\"+491716911978\"  class=' avia-team-icon ' href='' aria-hidden='true' data-av_icon='\ue854' data-av_iconfont='entypo-fontello'><\/a><span class='hidden av_member_url_markup '  itemprop=\"url\" ><\/span><a rel='v:url' data-avia-tooltip=\"Facebook page\"  class=' avia-team-icon ' href='' aria-hidden='true' data-av_icon='\ue8f4' data-av_iconfont='entypo-fontello'><\/a><\/div><\/div><\/div><h3 class='team-member-name'    itemprop=\"name\" >Martina Eberl<\/h3><span class='hidden team-member-affiliation'  itemprop=\"affiliation\" >Martina Eberl Coaching<\/span><\/section><\/div><div class=\"flex_column av_one_third  flex_column_div av-zero-column-padding   avia-builder-el-5  el_after_av_one_third  avia-builder-el-last  \" style='border-radius:0px; '><\/div><\/div><\/div><\/main><!-- close content main element --><\/div><\/div><div id='av_section_2' class='avia-section main_color avia-section-default avia-no-shadow avia-bg-style-scroll  avia-builder-el-6  el_after_av_section  avia-builder-el-last   container_wrap fullsize' style=' '  ><div class='container' ><div class='template-page content  av-content-full alpha units'><div class='post-entry post-entry-type-page post-entry-2068'><div class='entry-content-wrapper clearfix'>\n<div class=\"flex_column av_one_full  flex_column_div av-zero-column-padding first  avia-builder-el-7  avia-builder-el-no-sibling  \" style='border-radius:0px; '><p><section class=\"av_textblock_section \"  itemscope=\"itemscope\" itemtype=\"https:\/\/schema.org\/CreativeWork\" ><div class='avia_textblock  '   itemprop=\"text\" ><p>Geboren bin ich im wunderbaren Jahr 1981. Habe somit die bunten 80er Jahre aber vor allem die Boyband-lastigen 90er Jahre in meiner Jugend miterleben d\u00fcrfen.<\/p>\n<p>Mein Leben teile ich in ein paar verschiedene Kapitel ein. Im ersten Kapitel war ich eine ehrgeizige Sch\u00fclerin, die mit elf Jahren schon wusste, dass sie Sportlerin werden wollte. Aber genauso ein ziemlich komplizierter Teenager, der seine Eltern zum Wahnsinn trieb.<\/p>\n<p>Im zweiten Kapitel geht es um meinen Leistungssport Golf. Nach meiner Mittleren Reife entschied ich mich ein Spitzenf\u00f6rderungskonzept des Deutschen Golfverbandes, welches ich bis hin zum Wechsel ins Profilager verfolgte. Mit 21 war es dann so weit &#8211; ich wurde Profi- Playing Profi. Ich jettete mehrmals um die Welt, erlebte s\u00e4mtliche H\u00f6hen und Tiefen des Profisports begleitet mit einer Menge Heimweh aber auch extremen Gl\u00fccksgef\u00fchlen, nachdem ich in meiner besten Saison Dritte in der europ\u00e4ischen Order of Merit wurde mit drei Tournieren in der Tasche innerhalb von 12 Monaten und mehrfache Top 10 Platzierungen.<\/p>\n<p>Das dritte Kapitel handelt von meinem Start in das jetzige Leben- mein Leben als Mutter. 2010 wurde meine erste Tochter Linda geboren und 2013 folgte meine kleine Heidi. Beide sind meine Augensterne und wie jede Mutter liebe ich meine Kinder bis zum Mond und wieder zur\u00fcck. Beide waren f\u00fcr mich Grund genug Kapitel zwei zu beenden und ein Neues daf\u00fcr anzufangen.<\/p>\n<p>Das vierte Kapitel f\u00fchrte mich in k\u00fcrzester Zeit in das richtige Gesch\u00e4ftsleben ein. 2011 er\u00f6ffnete ich meine Golfakademie im M\u00fcnchener Golf Eschenried. Mit insgesamt neun Trainern verfolgte ich mein pers\u00f6nliches Erfolgsrezept: Technik, Fitness, Mental, Ern\u00e4hrung, Physiotherapie und Massage. 2014 stieg ich selbst in den Coachingbereich ein. Wie immer in meinem Leben, mit 1000 %igem Willen es gut zu machen. 2016 wurde ich zum &#8220;Trainer des Jahres&#8221; gew\u00e4hlt &#8211; soviel dazu. 2017 war dann Schluss mit der Akademie aber mein eigenes Golfcoachingprogramm wurde fortgesetzt.<\/p>\n<p>Das f\u00fcnfte und derzeit aktuelle Kapitel handelt von einem breiteren Coachingangebot. Meine Leidenschaften Fitness und Ern\u00e4hrung, habe ich mit Lizenzen zu einem weiteren Standbein in meiner Coachingt\u00e4tigkeit gemacht.<\/p>\n<p>Martina Eberl Coaching steht f\u00fcr:<\/p>\n<p>Golf \u00a0 \u00a0&#8211; \u00a0 \u00a0Fitness \u00a0 \u00a0&#8211; Ern\u00e4hrungscoaching<\/p>\n<p>Ich bin gespannt, wie meine Kapitel sich weiter schreiben l\u00e4sst&#8230;<\/p>\n<p>Ich werde berichten!<\/p>\n<\/div><\/section><br \/>\n<div style='height:30px' class='hr hr-invisible   avia-builder-el-9  el_after_av_textblock  avia-builder-el-last '><span class='hr-inner ' ><span class='hr-inner-style'><\/span><\/span><\/div><\/p><\/div>\n<\/p>\n","protected":false},"excerpt":{"rendered":"","protected":false},"author":1,"featured_media":0,"parent":0,"menu_order":0,"comment_status":"closed","ping_status":"closed","template":"","meta":[],"_links":{"self":[{"href":"https:\/\/martina-eberl-coaching.com\/index.php?rest_route=\/wp\/v2\/pages\/2068"}],"collection":[{"href":"https:\/\/martina-eberl-coaching.com\/index.php?rest_route=\/wp\/v2\/pages"}],"about":[{"href":"https:\/\/martina-eberl-coaching.com\/index.php?rest_route=\/wp\/v2\/types\/page"}],"author":[{"embeddable":true,"href":"https:\/\/martina-eberl-coaching.com\/index.php?rest_route=\/wp\/v2\/users\/1"}],"replies":[{"embeddable":true,"href":"https:\/\/martina-eberl-coaching.com\/index.php?rest_route=%2Fwp%2Fv2%2Fcomments&post=2068"}],"version-history":[{"count":2,"href":"https:\/\/martina-eberl-coaching.com\/index.php?rest_route=\/wp\/v2\/pages\/2068\/revisions"}],"predecessor-version":[{"id":2070,"href":"https:\/\/martina-eberl-coaching.com\/index.php?rest_route=\/wp\/v2\/pages\/2068\/revisions\/2070"}],"wp:attachment":[{"href":"https:\/\/martina-eberl-coaching.com\/index.php?rest_route=%2Fwp%2Fv2%2Fmedia&parent=2068"}],"curies":[{"name":"wp","href":"https:\/\/api.w.org\/{rel}","templated":true}]}}