{"id":783,"date":"2016-05-11T13:49:10","date_gmt":"2016-05-11T13:49:10","guid":{"rendered":"http:\/\/wpoffice\/enfold-fitness\/?page_id=515"},"modified":"2022-03-05T21:21:10","modified_gmt":"2022-03-05T21:21:10","slug":"about","status":"publish","type":"page","link":"https:\/\/martina-eberl-coaching.com\/?page_id=783","title":{"rendered":"\u00dcber mich"},"content":{"rendered":"<div id='fullscreen_slider_1' class='avia-fullscreen-slider main_color   avia-builder-el-0  el_before_av_section  avia-builder-el-first   container_wrap fullsize' style=' '  ><a href='#next-section' title='' class='scroll-down-link av-control-default' aria-hidden='true' data-av_icon='\ue877' data-av_iconfont='entypo-fontello'><\/a><div  data-size='extra_large'  data-lightbox_size='large'  data-animation='slide'  data-conditional_play=''  data-ids='2139'  data-video_counter='0'  data-autoplay='false'  data-bg_slider='true'  data-slide_height='100'  data-handle='av_fullscreen'  data-interval='5'  data-class=' '  data-css_id='fullscreen_slider_1'  data-scroll_down='aviaTBscroll_down'  data-control_layout='av-control-default'  data-custom_markup=''  data-perma_caption=''  data-autoplay_stopper=''  data-image_attachment=''  data-min_height='0px'  data-stretch=''  data-default-height='100'  class='avia-slideshow avia-slideshow-1 av-slider-scroll-down-active av-control-default av-default-height-applied avia-slideshow-extra_large av_fullscreen   avia-slide-slider '  itemprop=\"image\" itemscope=\"itemscope\" itemtype=\"https:\/\/schema.org\/ImageObject\" ><ul class='avia-slideshow-inner ' style='padding-bottom: 75%;' ><li style='background-position:center center;' data-img-url='https:\/\/martina-eberl-coaching.com\/wp-content\/uploads\/2022\/02\/MARTINA-EBERL-PR-IMAGES-DSCF1048-1500x1125.jpg' class=' av-single-slide slide-1 ' ><div data-rel='slideshow-1' class='avia-slide-wrap '   ><div class = \"caption_fullwidth av-slideshow-caption caption_center\"><div class = \"container caption_container\"><div class = \"slideshow_caption\"><div class = \"slideshow_inner_caption\"><div class = \"slideshow_align_caption\"><div class='avia-caption-content  av-medium-font-size-overwrite av-medium-font-size-40 av-small-font-size-overwrite av-small-font-size-40 av-mini-font-size-overwrite av-mini-font-size-40 av_inherit_color'  itemprop=\"description\"   style='font-size:60px; '><p>\u00dcber Mich<\/p>\n<\/div><\/div><\/div><\/div><\/div><\/div><div class='av-section-color-overlay' style='opacity: 0.2; background-color: #d1d1d1; '><\/div><\/div><\/li><\/ul><\/div><\/div>\n<div id='av_section_1' class='avia-section main_color avia-section-default avia-no-shadow avia-bg-style-scroll  avia-builder-el-1  el_after_av_fullscreen  avia-builder-el-last    container_wrap fullsize' style='background-color: #808189;  '  ><div class='container' ><div class='template-page content  av-content-full alpha units'><div class='post-entry post-entry-type-page post-entry-783'><div class='entry-content-wrapper clearfix'>\n<div  class='hr hr-default   avia-builder-el-2  el_before_av_one_full  avia-builder-el-first '><span class='hr-inner ' ><span class='hr-inner-style'><\/span><\/span><\/div>\n<div class=\"flex_column av_one_full  flex_column_div first  avia-builder-el-3  el_after_av_hr  el_before_av_hr   \" style='padding:10px; border-radius:0px; '><section class=\"av_textblock_section \"  itemscope=\"itemscope\" itemtype=\"https:\/\/schema.org\/CreativeWork\" ><div class='avia_textblock  av_inherit_color '  style='font-size:20px; color:#ffffff; '  itemprop=\"text\" ><p>Geboren bin ich im wunderbaren Jahr 1981. Habe somit die bunten 80er Jahre und vor allem die Boyband-lastigen 90er Jahre in meiner Jugend miterleben d\u00fcrfen.<\/p>\n<p>Mein Leben teile ich in ein paar verschiedene Kapitel ein, damit ich ab und zu selbst den Faden nicht verliere&#8230;.<\/p>\n<p>Aber letztendlich geht es<strong> immer<\/strong> um meinen Sport: GOLF. Egal ob in der Kindheit, in der Jugend, zu meiner Tourzeit oder auch jetzt als Coach. Dieser Sport hat mich nie losgelassen auch wenn ich ihn in unterschiedlichsten Kategorien betrieben habe. Von der Jugendmannschaft meine Heimatclubs GC W\u00f6rthsee, \u00fcber den Bayerischen Golfverband, \u00fcber die Nationalmannschaft bis hin zur erfolgreichen Tourspielerin und im Jetzt: zum Coach.<\/p>\n<p>Meine gro\u00dfe Liebe, die zwischendurch zur Ha\u00df-Liebe wurde, die ich aber wieder zu lieben lernte und ich nun sehr dankbar bin, die Berufung des Golfcoaches f\u00fcr mich gefunden zu haben.<\/p>\n<p>Meine lange Karriere wurde meist gepr\u00e4gt von extremen H\u00f6hen und niederschmetternden Tiefen, die mir alles abverlangt haben, wieder aufzustehen und deswegen kein besserer Spruch zu mir und meiner Laufbahn passt wie: &#8220;Hinfallen &#8211; Aufstehen &#8211; Golf spielen&#8221;.<\/p>\n<p>Ich erz\u00e4hle gern in Vortr\u00e4gen von meiner Karriere, von meinen Erfahrungen wie es ist um einen Schlag die amerikanische Tourkarte zu verpassen, wegen einer Handgelenksverletzung wieder aus dem &#8220;Solheim Cup&#8221; Team entlassen zu werden, um nur einige der nicht so sch\u00f6nen Dinge zu nennen aber auch von meinen Toursiegen, die f\u00fcr mich damals die Welt bedeuteten und ich immer noch mega stolz auf sie bin. Und nat\u00fcrlich Learnings aus meinem Coaching, von dem jeder Golfer und auch jeder Nichtgolfer etwas f\u00fcr sich mitnehmen kann.<\/p>\n<p>Als echtes M\u00fcnchner Kindl bin ich meiner hei\u00dfgeliebten Heimatstadt meist treu geblieben und lebe mit meinem Mann und zwei T\u00f6chtern im M\u00fcnchner Westen.<\/p>\n<p>Falls Dich \/ Ihnen mehr von mir interessiert, folge mir doch auf meinen zwei Hauptkan\u00e4len &#8220;YouTube&#8221; und &#8220;Instagram&#8221; und registrier Dich f\u00fcr meinen Newsletter einmalig auf www.birdiecoach.com !<\/p>\n<\/div><\/section><\/div><div  class='hr hr-default   avia-builder-el-5  el_after_av_one_full  avia-builder-el-last '><span class='hr-inner ' ><span class='hr-inner-style'><\/span><\/span><\/div>\n\n","protected":false},"excerpt":{"rendered":"","protected":false},"author":1,"featured_media":0,"parent":0,"menu_order":0,"comment_status":"closed","ping_status":"closed","template":"","meta":[],"_links":{"self":[{"href":"https:\/\/martina-eberl-coaching.com\/index.php?rest_route=\/wp\/v2\/pages\/783"}],"collection":[{"href":"https:\/\/martina-eberl-coaching.com\/index.php?rest_route=\/wp\/v2\/pages"}],"about":[{"href":"https:\/\/martina-eberl-coaching.com\/index.php?rest_route=\/wp\/v2\/types\/page"}],"author":[{"embeddable":true,"href":"https:\/\/martina-eberl-coaching.com\/index.php?rest_route=\/wp\/v2\/users\/1"}],"replies":[{"embeddable":true,"href":"https:\/\/martina-eberl-coaching.com\/index.php?rest_route=%2Fwp%2Fv2%2Fcomments&post=783"}],"version-history":[{"count":47,"href":"https:\/\/martina-eberl-coaching.com\/index.php?rest_route=\/wp\/v2\/pages\/783\/revisions"}],"predecessor-version":[{"id":2337,"href":"https:\/\/martina-eberl-coaching.com\/index.php?rest_route=\/wp\/v2\/pages\/783\/revisions\/2337"}],"wp:attachment":[{"href":"https:\/\/martina-eberl-coaching.com\/index.php?rest_route=%2Fwp%2Fv2%2Fmedia&parent=783"}],"curies":[{"name":"wp","href":"https:\/\/api.w.org\/{rel}","templated":true}]}}